{"id":3010,"date":"2019-04-25T21:04:55","date_gmt":"2019-04-25T14:04:55","guid":{"rendered":"http:\/\/robot3t.com\/?post_type=product&#038;p=3010"},"modified":"2023-11-08T11:26:56","modified_gmt":"2023-11-08T04:26:56","slug":"r3t-02-3kg-payload-industrial-robot-2","status":"publish","type":"product","link":"https:\/\/robot3t.com\/en\/san-pham\/r3t-02-3kg-payload-industrial-robot-2\/","title":{"rendered":"R3T-02: 3kg Payload Industrial Robot"},"content":{"rendered":"<p><strong>R3T-02: 3kg Payload Industrial Robot<\/strong><\/p>\n<p>The R3T-02 robot provides a cost-effective solution, innovative configuration and technologies, rapid and flexible response to the emerging need about the automation of the core industrial application. This robot improves productivity, quality and uniformity of products, reduce the risk of labor accidents.<\/p>\n<p><strong>Specifications:<\/strong><\/p>\n<ul>\n<li>Robot Model: R3T-02 Industrial Robot<\/li>\n<li>Degree of freedom: 4 DOFs<\/li>\n<li>Payload: 3 kg<\/li>\n<li>Reach: 650mm<\/li>\n<li>Speed: 180 degree\/s for all joints, tool: 1100 mm\/s<\/li>\n<li>Repeatability\u00a0: +\/- 0.05 mm<\/li>\n<li>Communication: Modbus TCP\/IP<\/li>\n<li>Programing: Graphic User Interface ( 11.6 inch Tech Pendant)<\/li>\n<li>Materials: Aluminum AL6061 &amp; Anodized<\/li>\n<li>Weight: 25kg<\/li>\n<li>Teaching:\u00a0 Ponit-to-Point<\/li>\n<li>Importing Gcode files.<\/li>\n<li>Temperature: 0 &#8211; 50 degree C<\/li>\n<li>Power: 200 to 240VAC, 50-60Hz<\/li>\n<\/ul>\n<p><strong>Parameters of the teaching appratus<\/strong><\/p>\n<ul>\n<li>Size: 350 x 210 x 40 mm<\/li>\n<li>Weight: 1600 gram<\/li>\n<li>Display: 11.6 inch capacitive LCD<\/li>\n<li>Connecting line length: 3.5m<\/li>\n<li>Protection Level: \u1ecaP54<\/li>\n<\/ul>\n<p><strong>Parameters of the control box<\/strong><\/p>\n<ul>\n<li>Size: 500 x 500 x 500 mm<\/li>\n<li>Weight: 30kg<\/li>\n<li>Color: White<\/li>\n<li>AC Servo Driver: 4 units<\/li>\n<li>I\/O Port: Digital Input and Output: 24, Analog Input and Output: 8<\/li>\n<li>Connection Robot and Connection Control Box Wire: 6m<\/li>\n<\/ul>\n<p><img loading=\"lazy\" class=\" wp-image-3016 aligncenter\" src=\"http:\/\/robot3t.com\/wp-content\/uploads\/2019\/04\/Range-of-movement-590x400.png\" alt=\"\" width=\"777\" height=\"527\" srcset=\"https:\/\/robot3t.com\/wp-content\/uploads\/2019\/04\/Range-of-movement-590x400.png 590w, https:\/\/robot3t.com\/wp-content\/uploads\/2019\/04\/Range-of-movement-370x250.png 370w, https:\/\/robot3t.com\/wp-content\/uploads\/2019\/04\/Range-of-movement-768x520.png 768w, https:\/\/robot3t.com\/wp-content\/uploads\/2019\/04\/Range-of-movement-600x407.png 600w, https:\/\/robot3t.com\/wp-content\/uploads\/2019\/04\/Range-of-movement.png 1067w\" sizes=\"(max-width: 777px) 100vw, 777px\" \/><\/p>\n<p><img loading=\"lazy\" class=\"aligncenter wp-image-2904\" src=\"http:\/\/robot3t.com\/wp-content\/uploads\/2019\/03\/He-thong-robot-han-370x400.png\" alt=\"\" width=\"564\" height=\"610\" srcset=\"https:\/\/robot3t.com\/wp-content\/uploads\/2019\/03\/He-thong-robot-han-370x400.png 370w, https:\/\/robot3t.com\/wp-content\/uploads\/2019\/03\/He-thong-robot-han-600x648.png 600w, https:\/\/robot3t.com\/wp-content\/uploads\/2019\/03\/He-thong-robot-han.png 627w\" sizes=\"(max-width: 564px) 100vw, 564px\" \/><\/p>\n<p><img loading=\"lazy\" class=\"wp-image-3508 size-medium aligncenter\" src=\"http:\/\/robot3t.com\/wp-content\/uploads\/2021\/01\/robot-han-800x264.jpg\" alt=\"\" width=\"800\" height=\"264\" srcset=\"https:\/\/robot3t.com\/wp-content\/uploads\/2021\/01\/robot-han-800x264.jpg 800w, https:\/\/robot3t.com\/wp-content\/uploads\/2021\/01\/robot-han-768x254.jpg 768w, https:\/\/robot3t.com\/wp-content\/uploads\/2021\/01\/robot-han-600x198.jpg 600w, https:\/\/robot3t.com\/wp-content\/uploads\/2021\/01\/robot-han.jpg 878w\" sizes=\"(max-width: 800px) 100vw, 800px\" \/><\/p>\n<p>&nbsp;<\/p>\n<p><img loading=\"lazy\" class=\"wp-image-3686 size-medium aligncenter\" src=\"http:\/\/robot3t.com\/wp-content\/uploads\/2021\/01\/Cabinet-600x400.jpg\" alt=\"\" width=\"600\" height=\"400\" srcset=\"https:\/\/robot3t.com\/wp-content\/uploads\/2021\/01\/Cabinet-600x400.jpg 600w, https:\/\/robot3t.com\/wp-content\/uploads\/2021\/01\/Cabinet-768x512.jpg 768w, https:\/\/robot3t.com\/wp-content\/uploads\/2021\/01\/Cabinet.jpg 960w\" sizes=\"(max-width: 600px) 100vw, 600px\" \/><\/p>\n<p><img loading=\"lazy\" class=\"aligncenter wp-image-3501\" src=\"http:\/\/robot3t.com\/wp-content\/uploads\/2021\/01\/Interface-Board-1-667x400.jpg\" alt=\"\" width=\"600\" height=\"360\" srcset=\"https:\/\/robot3t.com\/wp-content\/uploads\/2021\/01\/Interface-Board-1-667x400.jpg 667w, https:\/\/robot3t.com\/wp-content\/uploads\/2021\/01\/Interface-Board-1-768x460.jpg 768w, https:\/\/robot3t.com\/wp-content\/uploads\/2021\/01\/Interface-Board-1-1334x800.jpg 1334w, https:\/\/robot3t.com\/wp-content\/uploads\/2021\/01\/Interface-Board-1-600x360.jpg 600w, https:\/\/robot3t.com\/wp-content\/uploads\/2021\/01\/Interface-Board-1.jpg 1678w\" sizes=\"(max-width: 600px) 100vw, 600px\" \/><\/p>\n<p><img loading=\"lazy\" class=\"size-medium wp-image-3075 aligncenter\" src=\"http:\/\/robot3t.com\/wp-content\/uploads\/2019\/04\/1-700x400.png\" alt=\"\" width=\"700\" height=\"400\" srcset=\"https:\/\/robot3t.com\/wp-content\/uploads\/2019\/04\/1-700x400.png 700w, https:\/\/robot3t.com\/wp-content\/uploads\/2019\/04\/1-768x439.png 768w, https:\/\/robot3t.com\/wp-content\/uploads\/2019\/04\/1-1400x800.png 1400w, https:\/\/robot3t.com\/wp-content\/uploads\/2019\/04\/1-600x343.png 600w, https:\/\/robot3t.com\/wp-content\/uploads\/2019\/04\/1.png 1857w\" sizes=\"(max-width: 700px) 100vw, 700px\" \/><\/p>\n<p>&nbsp;<\/p>\n<p><img loading=\"lazy\" class=\"size-medium wp-image-3074 aligncenter\" src=\"http:\/\/robot3t.com\/wp-content\/uploads\/2019\/04\/2-702x400.png\" alt=\"\" width=\"702\" height=\"400\" srcset=\"https:\/\/robot3t.com\/wp-content\/uploads\/2019\/04\/2-702x400.png 702w, https:\/\/robot3t.com\/wp-content\/uploads\/2019\/04\/2-768x438.png 768w, https:\/\/robot3t.com\/wp-content\/uploads\/2019\/04\/2-1400x798.png 1400w, https:\/\/robot3t.com\/wp-content\/uploads\/2019\/04\/2-600x342.png 600w, https:\/\/robot3t.com\/wp-content\/uploads\/2019\/04\/2.png 1855w\" sizes=\"(max-width: 702px) 100vw, 702px\" \/><\/p>\n<p>&nbsp;<\/p>\n<p><img loading=\"lazy\" class=\"size-medium wp-image-3070 aligncenter\" src=\"http:\/\/robot3t.com\/wp-content\/uploads\/2019\/04\/5-704x400.png\" alt=\"\" width=\"704\" height=\"400\" srcset=\"https:\/\/robot3t.com\/wp-content\/uploads\/2019\/04\/5-704x400.png 704w, https:\/\/robot3t.com\/wp-content\/uploads\/2019\/04\/5-768x437.png 768w, https:\/\/robot3t.com\/wp-content\/uploads\/2019\/04\/5-1400x796.png 1400w, https:\/\/robot3t.com\/wp-content\/uploads\/2019\/04\/5-600x341.png 600w, https:\/\/robot3t.com\/wp-content\/uploads\/2019\/04\/5.png 1859w\" sizes=\"(max-width: 704px) 100vw, 704px\" \/><\/p>\n<p>&nbsp;<\/p>\n<p><iframe loading=\"lazy\" title=\"R3T-02: 3kg Payload Industrial Robot\" width=\"1020\" height=\"574\" src=\"https:\/\/www.youtube.com\/embed\/NtF3lh8TceQ?feature=oembed\" frameborder=\"0\" allow=\"accelerometer; autoplay; clipboard-write; encrypted-media; gyroscope; picture-in-picture; web-share\" allowfullscreen><\/iframe><\/p>\n<p>&nbsp;<\/p>\n<p><iframe loading=\"lazy\" title=\"\u1ee8ng d\u1ee5ng c\u00e1nh tay robot ki\u1ec3m tra ch\u1ea5t l\u01b0\u1ee3ng thi\u1ebft b\u1ecb thanh to\u00e1n \u0111\u1ea7u cu\u1ed1i EFTPOS\" width=\"1020\" height=\"574\" src=\"https:\/\/www.youtube.com\/embed\/pQMNdQfdWTM?feature=oembed\" frameborder=\"0\" allow=\"accelerometer; autoplay; clipboard-write; encrypted-media; gyroscope; picture-in-picture; web-share\" allowfullscreen><\/iframe><\/p>\n<p>&nbsp;<\/p>\n<p><iframe loading=\"lazy\" title=\"R3T-02: 3kg Payload Industrial Robot - www.robot3t.com\" width=\"1020\" height=\"574\" src=\"https:\/\/www.youtube.com\/embed\/ggaI_1mJmKY?feature=oembed\" frameborder=\"0\" allow=\"accelerometer; autoplay; clipboard-write; encrypted-media; gyroscope; picture-in-picture; web-share\" allowfullscreen><\/iframe><\/p>\n<p>&nbsp;<\/p>\n<p><iframe loading=\"lazy\" title=\"Th\u1eed nghi\u1ec7m robot h\u00e0n c\u00e1c khung th\u00e9p \u0111\u01a1n gi\u1ea3n\" width=\"1020\" height=\"574\" src=\"https:\/\/www.youtube.com\/embed\/44BKEnfZujU?feature=oembed\" frameborder=\"0\" allow=\"accelerometer; autoplay; clipboard-write; encrypted-media; gyroscope; picture-in-picture; web-share\" allowfullscreen><\/iframe><\/p>\n<p><iframe class=\"ginger-extension-definitionpopup\" style=\"display: none;\"><\/iframe><\/p>\n<p>&nbsp;<\/p>\n<p>&nbsp;<\/p>\n","protected":false},"excerpt":{"rendered":"<p>The R3T-02 robot provides a cost-effective solution, innovative configuration and technologies, rapid and flexible response to the emerging need about the automation of the core industrial application<\/p>\n","protected":false},"featured_media":4197,"comment_status":"closed","ping_status":"closed","template":"","meta":[],"product_cat":[117],"product_tag":[],"_links":{"self":[{"href":"https:\/\/robot3t.com\/en\/wp-json\/wp\/v2\/product\/3010"}],"collection":[{"href":"https:\/\/robot3t.com\/en\/wp-json\/wp\/v2\/product"}],"about":[{"href":"https:\/\/robot3t.com\/en\/wp-json\/wp\/v2\/types\/product"}],"replies":[{"embeddable":true,"href":"https:\/\/robot3t.com\/en\/wp-json\/wp\/v2\/comments?post=3010"}],"wp:featuredmedia":[{"embeddable":true,"href":"https:\/\/robot3t.com\/en\/wp-json\/wp\/v2\/media\/4197"}],"wp:attachment":[{"href":"https:\/\/robot3t.com\/en\/wp-json\/wp\/v2\/media?parent=3010"}],"wp:term":[{"taxonomy":"product_cat","embeddable":true,"href":"https:\/\/robot3t.com\/en\/wp-json\/wp\/v2\/product_cat?post=3010"},{"taxonomy":"product_tag","embeddable":true,"href":"https:\/\/robot3t.com\/en\/wp-json\/wp\/v2\/product_tag?post=3010"}],"curies":[{"name":"wp","href":"https:\/\/api.w.org\/{rel}","templated":true}]}}